{"id":155,"date":"2025-01-17T18:12:45","date_gmt":"2025-01-17T18:12:45","guid":{"rendered":"https:\/\/evkiweck.de\/?page_id=155"},"modified":"2025-01-17T18:13:11","modified_gmt":"2025-01-17T18:13:11","slug":"links","status":"publish","type":"page","link":"https:\/\/evkiweck.de\/index.php\/footer\/links\/","title":{"rendered":"Links"},"content":{"rendered":"\n<h2 class=\"wp-block-heading\">Hier noch ein paar Links\u2026<\/h2>\n\n\n\n<p>denn die Kirchengemeinden Wendelsheim und Eckelsheim sind Teil des Dekanats W\u00f6llstein. Das Dekanat W\u00f6llstein geh\u00f6rt zur Propstei Rheinhessen. Die Propstei ist eine von sechs Propsteien in der Landeskirche (Evangelische Kirche in Hessen und Nassau). Unsere Landeskirche (EKHN) hat sich gemeinsam mit 22 anderen Landeskirchen zur Evangelischen Kirche in Deutschland (EKD) zusammengeschlossen.<\/p>\n\n\n\n<p><a href=\"https:\/\/evangelisch-alzey.ekhn.de\/eine-andere-zeit\/video-und-audioandachten.html\" target=\"_blank\" rel=\"noreferrer noopener\">www.evangelisch-alzey.ekhn.de\/eine-andere-zeit\/video-und-audioandachten.html<\/a>&nbsp;\u2013 Video- und Audioandachten aus dem Dekant<\/p>\n\n\n\n<p><a href=\"http:\/\/www.rheinhessen-evangelisch.de\/\" target=\"_blank\" rel=\"noreferrer noopener\">www.rheinhessen-evangelisch.de<\/a>&nbsp;\u2013 unser Dekanat und unsere Propstei<\/p>\n\n\n\n<p><a href=\"http:\/\/www.ekhn.de\/\" target=\"_blank\" rel=\"noreferrer noopener\">www.ekhn.de<\/a>&nbsp;\u2013 unsere Landeskirche<\/p>\n\n\n\n<p><a href=\"http:\/\/www.ekd.de\/\" target=\"_blank\" rel=\"noreferrer noopener\">www.ekd.de<\/a>&nbsp;\u2013 Evangelische Kirche in&nbsp;Deutschland \u2013 eine Gemeinschaft lutherischer, reformierter und unierter Landeskirchen<\/p>\n\n\n\n<p>Un noch mehr interessante Links:<\/p>\n\n\n\n<p><a href=\"http:\/\/www.evangelisch.de\/\">www.evangelisch.de<\/a>\u00a0\u2013 unser evangelisches Portal \u2013 f\u00fcr alle, denen manchmal die Kirchentreppen zu hoch sind\u00a0\u00a0\u2013 und f\u00fcr die anderen auch! Hoffnung machen die vielen kreativen Angebote, die jetzt aus dem Boden schie\u00dfen. evangelisch.de und die ekhn haben sie f\u00fcr uns gesammelt.<br><a href=\"https:\/\/www.evangelisch.de\/inhalte\/167277\/17-03-2020\/coronavirus-das-bietet-die-digitale-kirche-der-coronakrise\" target=\"_blank\" rel=\"noreferrer noopener\">www.evangelisch.de\/inhalte\/167277\/17-03-2020\/coronavirus-das-bietet-die-digitale-kirche-der-coronakrise<\/a><br><br><a href=\"https:\/\/www.ekhn.de\/aktuell\/detailmagazin\/news\/kirche-von-zu-hause.html?fbclid=IwAR2X0NrkuPVZitWA6k8xSigpNsBx6Kr5Ya9ZIIbge7_rEMBPLq7UJuTcxk8\" target=\"_blank\" rel=\"noreferrer noopener\">www.ekhn.de\/aktuell\/detailmagazin\/news\/kirche-von-zu-hause.html?fbclid=IwAR2X0NrkuPVZitWA6k8xSigpNsBx6Kr5Ya9ZIIbge7_rEMBPLq7UJuTcxk8<\/a><\/p>\n","protected":false},"excerpt":{"rendered":"<p>Hier noch ein paar Links\u2026 denn die Kirchengemeinden Wendelsheim und Eckelsheim sind Teil des Dekanats W\u00f6llstein. Das Dekanat W\u00f6llstein geh\u00f6rt [&hellip;]<\/p>\n","protected":false},"author":1,"featured_media":0,"parent":158,"menu_order":0,"comment_status":"closed","ping_status":"closed","template":"","meta":{"site-sidebar-layout":"default","site-content-layout":"","ast-site-content-layout":"default","site-content-style":"default","site-sidebar-style":"default","ast-global-header-display":"","ast-banner-title-visibility":"","ast-main-header-display":"","ast-hfb-above-header-display":"","ast-hfb-below-header-display":"","ast-hfb-mobile-header-display":"","site-post-title":"","ast-breadcrumbs-content":"","ast-featured-img":"","footer-sml-layout":"","ast-disable-related-posts":"","theme-transparent-header-meta":"","adv-header-id-meta":"","stick-header-meta":"","header-above-stick-meta":"","header-main-stick-meta":"","header-below-stick-meta":"","astra-migrate-meta-layouts":"default","ast-page-background-enabled":"default","ast-page-background-meta":{"desktop":{"background-color":"var(--ast-global-color-5)","background-image":"","background-repeat":"repeat","background-position":"center center","background-size":"auto","background-attachment":"scroll","background-type":"","background-media":"","overlay-type":"","overlay-color":"","overlay-opacity":"","overlay-gradient":""},"tablet":{"background-color":"","background-image":"","background-repeat":"repeat","background-position":"center center","background-size":"auto","background-attachment":"scroll","background-type":"","background-media":"","overlay-type":"","overlay-color":"","overlay-opacity":"","overlay-gradient":""},"mobile":{"background-color":"","background-image":"","background-repeat":"repeat","background-position":"center center","background-size":"auto","background-attachment":"scroll","background-type":"","background-media":"","overlay-type":"","overlay-color":"","overlay-opacity":"","overlay-gradient":""}},"ast-content-background-meta":{"desktop":{"background-color":"var(--ast-global-color-4)","background-image":"","background-repeat":"repeat","background-position":"center center","background-size":"auto","background-attachment":"scroll","background-type":"","background-media":"","overlay-type":"","overlay-color":"","overlay-opacity":"","overlay-gradient":""},"tablet":{"background-color":"var(--ast-global-color-4)","background-image":"","background-repeat":"repeat","background-position":"center center","background-size":"auto","background-attachment":"scroll","background-type":"","background-media":"","overlay-type":"","overlay-color":"","overlay-opacity":"","overlay-gradient":""},"mobile":{"background-color":"var(--ast-global-color-4)","background-image":"","background-repeat":"repeat","background-position":"center center","background-size":"auto","background-attachment":"scroll","background-type":"","background-media":"","overlay-type":"","overlay-color":"","overlay-opacity":"","overlay-gradient":""}},"footnotes":""},"class_list":["post-155","page","type-page","status-publish","hentry"],"aioseo_notices":[],"_links":{"self":[{"href":"https:\/\/evkiweck.de\/index.php\/wp-json\/wp\/v2\/pages\/155","targetHints":{"allow":["GET"]}}],"collection":[{"href":"https:\/\/evkiweck.de\/index.php\/wp-json\/wp\/v2\/pages"}],"about":[{"href":"https:\/\/evkiweck.de\/index.php\/wp-json\/wp\/v2\/types\/page"}],"author":[{"embeddable":true,"href":"https:\/\/evkiweck.de\/index.php\/wp-json\/wp\/v2\/users\/1"}],"replies":[{"embeddable":true,"href":"https:\/\/evkiweck.de\/index.php\/wp-json\/wp\/v2\/comments?post=155"}],"version-history":[{"count":1,"href":"https:\/\/evkiweck.de\/index.php\/wp-json\/wp\/v2\/pages\/155\/revisions"}],"predecessor-version":[{"id":156,"href":"https:\/\/evkiweck.de\/index.php\/wp-json\/wp\/v2\/pages\/155\/revisions\/156"}],"up":[{"embeddable":true,"href":"https:\/\/evkiweck.de\/index.php\/wp-json\/wp\/v2\/pages\/158"}],"wp:attachment":[{"href":"https:\/\/evkiweck.de\/index.php\/wp-json\/wp\/v2\/media?parent=155"}],"curies":[{"name":"wp","href":"https:\/\/api.w.org\/{rel}","templated":true}]}}